{"id":66,"date":"2016-10-30T12:03:27","date_gmt":"2016-10-30T10:03:27","guid":{"rendered":"http:\/\/www.aurorelouison.com\/?page_id=66"},"modified":"2023-02-26T18:10:34","modified_gmt":"2023-02-26T16:10:34","slug":"pilote-2","status":"publish","type":"page","link":"https:\/\/www.aurorelouison.com\/index.php\/pilote-2\/","title":{"rendered":"La pilote"},"content":{"rendered":"\n<p>Chef d&rsquo;entreprise Jurassienne, Aurore est une touche \u00e0 tout du sport automobile.<\/p>\n\n\n\n<p>Que cela soit en Sprint-Car, en Slalom, en Course de C\u00f4te, en Quad Cross, au Troph\u00e9e Andros, en Autocross ou en Rallye, d\u00e8s qu&rsquo;elle en a l&rsquo;opportunit\u00e9, Aurore s&rsquo;essaie \u00e0 toutes les cat\u00e9gories et tous les v\u00e9hicules : \u00ab\u00a0Cela me permet de m&rsquo;am\u00e9liorer sans cesse car chaque discipline est diff\u00e9rente et c&rsquo;est toujours un plaisir de d\u00e9couvrir de nouvelles autos.\u00a0\u00bb<\/p>\n\n\n\n<p>Depuis de nombreuses ann\u00e9es elle roulait en amateur, mais depuis 2018, elle est dipl\u00f4m\u00e9e d&rsquo;\u00e9tat en Sport Automobile BP JEPS. Elle officie sur les circuits en perfectionnement comp\u00e9titeurs, s\u00e9curit\u00e9 routi\u00e8re, encadrement de journ\u00e9es incentives, concessions pour des lancements de produits&#8230;<\/p>\n\n\n\n<p>En plus de son r\u00f4le de Community Manager pour l&rsquo;ASA S\u00e9quanie, Aurore est pr\u00e9sidente de l&rsquo;association L. COMP\u00c9TITION, qui milite pour le d\u00e9veloppement et la promotion des femmes dans le milieu automobile. <\/p>\n\n\n\n<figure class=\"wp-block-image size-full\"><img decoding=\"async\" loading=\"lazy\" width=\"1024\" height=\"910\" src=\"https:\/\/www.aurorelouison.com\/wp-content\/uploads\/2023\/02\/76165E4F-B2B1-4269-969E-110DE6356F88_1_105_c.jpeg\" alt=\"\" class=\"wp-image-309\" srcset=\"https:\/\/www.aurorelouison.com\/wp-content\/uploads\/2023\/02\/76165E4F-B2B1-4269-969E-110DE6356F88_1_105_c.jpeg 1024w, https:\/\/www.aurorelouison.com\/wp-content\/uploads\/2023\/02\/76165E4F-B2B1-4269-969E-110DE6356F88_1_105_c-300x267.jpeg 300w, https:\/\/www.aurorelouison.com\/wp-content\/uploads\/2023\/02\/76165E4F-B2B1-4269-969E-110DE6356F88_1_105_c-768x683.jpeg 768w\" sizes=\"(max-width: 1024px) 100vw, 1024px\" \/><\/figure>\n\n\n\n<p><\/p>\n\n\n\n<p>Cr\u00e9dit Photo : M\u00e9canique Photographie<\/p>\n","protected":false},"excerpt":{"rendered":"<p>Chef d&rsquo;entreprise Jurassienne, Aurore est une touche \u00e0 tout du sport automobile. Que cela soit en Sprint-Car, en Slalom, en Course de C\u00f4te, en Quad Cross, au Troph\u00e9e Andros, en Autocross ou en Rallye, d\u00e8s qu&rsquo;elle en a l&rsquo;opportunit\u00e9, Aurore s&rsquo;essaie \u00e0 toutes les cat\u00e9gories et tous les v\u00e9hicules : \u00ab\u00a0Cela me permet de m&rsquo;am\u00e9liorer&#8230; <\/p>\n","protected":false},"author":1,"featured_media":0,"parent":0,"menu_order":0,"comment_status":"closed","ping_status":"closed","template":"","meta":[],"_links":{"self":[{"href":"https:\/\/www.aurorelouison.com\/index.php\/wp-json\/wp\/v2\/pages\/66"}],"collection":[{"href":"https:\/\/www.aurorelouison.com\/index.php\/wp-json\/wp\/v2\/pages"}],"about":[{"href":"https:\/\/www.aurorelouison.com\/index.php\/wp-json\/wp\/v2\/types\/page"}],"author":[{"embeddable":true,"href":"https:\/\/www.aurorelouison.com\/index.php\/wp-json\/wp\/v2\/users\/1"}],"replies":[{"embeddable":true,"href":"https:\/\/www.aurorelouison.com\/index.php\/wp-json\/wp\/v2\/comments?post=66"}],"version-history":[{"count":14,"href":"https:\/\/www.aurorelouison.com\/index.php\/wp-json\/wp\/v2\/pages\/66\/revisions"}],"predecessor-version":[{"id":310,"href":"https:\/\/www.aurorelouison.com\/index.php\/wp-json\/wp\/v2\/pages\/66\/revisions\/310"}],"wp:attachment":[{"href":"https:\/\/www.aurorelouison.com\/index.php\/wp-json\/wp\/v2\/media?parent=66"}],"curies":[{"name":"wp","href":"https:\/\/api.w.org\/{rel}","templated":true}]}}